{"id":14,"date":"2014-09-13T07:23:30","date_gmt":"2014-09-13T05:23:30","guid":{"rendered":"https:\/\/sfbj.co.za\/website\/?page_id=14"},"modified":"2025-07-25T10:16:14","modified_gmt":"2025-07-25T08:16:14","slug":"accueil","status":"publish","type":"page","link":"https:\/\/sfbj.co.za\/website\/accueil\/","title":{"rendered":"Accueil"},"content":{"rendered":"<h1 style=\"text-align: center;\">Bienvenue sur le site de la SFBJ<\/h1>\n<h1 style=\"text-align: center;\"><strong>l&rsquo;Entraide Fran\u00e7aise de Johannesburg<\/strong><\/h1>\n<hr \/>\n<p style=\"text-align: center;\">La SFBJ est une association \u00e0 but non lucratif venant en aide aux Fran\u00e7ais en difficult\u00e9 en Afrique du Sud, r\u00e9sidents ou de passage, plus particuli\u00e8rement dans la zone de comp\u00e9tence du Consulat g\u00e9n\u00e9ral de Johannesburg.<\/p>\n<p style=\"text-align: center;\">Son fonctionnement repose int\u00e9gralement sur l&rsquo;entraide et la solidarit\u00e9 au sein de la communaut\u00e9 fran\u00e7aise<\/p>\n<p style=\"text-align: center;\">Par votre adh\u00e9sion ou votre don, vous marquez votre attachement \u00e0 l&rsquo;id\u00e9al de fraternit\u00e9 et de solidarit\u00e9 et vous soutenez concr\u00e8tement l&rsquo;action de la SFBJ en Afrique du Sud.<\/p>\n<hr \/>\n<h1><strong>L&rsquo;\u00e9quipe du bureau ex\u00e9cutif\u00a0<\/strong><\/h1>\n<p><strong>Pr\u00e9sidente : <\/strong><span lang=\"EN-US\">H\u00e9l\u00e8ne Bezuidenhoudt<\/span><\/p>\n<p><strong>Tr\u00e9sori\u00e8re : <\/strong>Val\u00e9rie Chesneau<\/p>\n<h5><a href=\"https:\/\/sfbj.co.za\/website\/politique-de-confidentialite\/\">Politique de confidentialit\u00e9<\/a><\/h5>\n<p>&nbsp;<\/p>\n<h4 style=\"text-align: center;\"><\/h4>\n<h4 style=\"text-align: center;\"><\/h4>\n","protected":false},"excerpt":{"rendered":"<p>Bienvenue sur le site de la SFBJ l&rsquo;Entraide Fran\u00e7aise de Johannesburg La SFBJ est une association \u00e0 but non lucratif venant en aide aux Fran\u00e7ais en difficult\u00e9 en Afrique du Sud, r\u00e9sidents ou de passage, plus particuli\u00e8rement dans la zone de comp\u00e9tence du Consulat g\u00e9n\u00e9ral de Johannesburg. Son fonctionnement repose int\u00e9gralement sur l&rsquo;entraide et la &hellip; <\/p>\n<p class=\"link-more\"><a href=\"https:\/\/sfbj.co.za\/website\/accueil\/\" class=\"more-link\">Continuer la lecture<span class=\"screen-reader-text\"> de &laquo;&nbsp;Accueil&nbsp;&raquo;<\/span><\/a><\/p>\n","protected":false},"author":2,"featured_media":0,"parent":0,"menu_order":0,"comment_status":"closed","ping_status":"closed","template":"","meta":{"footnotes":""},"class_list":["post-14","page","type-page","status-publish","hentry"],"_links":{"self":[{"href":"https:\/\/sfbj.co.za\/website\/wp-json\/wp\/v2\/pages\/14","targetHints":{"allow":["GET"]}}],"collection":[{"href":"https:\/\/sfbj.co.za\/website\/wp-json\/wp\/v2\/pages"}],"about":[{"href":"https:\/\/sfbj.co.za\/website\/wp-json\/wp\/v2\/types\/page"}],"author":[{"embeddable":true,"href":"https:\/\/sfbj.co.za\/website\/wp-json\/wp\/v2\/users\/2"}],"replies":[{"embeddable":true,"href":"https:\/\/sfbj.co.za\/website\/wp-json\/wp\/v2\/comments?post=14"}],"version-history":[{"count":17,"href":"https:\/\/sfbj.co.za\/website\/wp-json\/wp\/v2\/pages\/14\/revisions"}],"predecessor-version":[{"id":3491,"href":"https:\/\/sfbj.co.za\/website\/wp-json\/wp\/v2\/pages\/14\/revisions\/3491"}],"wp:attachment":[{"href":"https:\/\/sfbj.co.za\/website\/wp-json\/wp\/v2\/media?parent=14"}],"curies":[{"name":"wp","href":"https:\/\/api.w.org\/{rel}","templated":true}]}}