{"id":28,"date":"2014-09-13T07:13:49","date_gmt":"2014-09-13T05:13:49","guid":{"rendered":"https:\/\/sfbj.co.za\/website\/?page_id=28"},"modified":"2023-10-15T12:26:04","modified_gmt":"2023-10-15T10:26:04","slug":"devenir-membre","status":"publish","type":"page","link":"https:\/\/sfbj.co.za\/website\/devenir-membre\/","title":{"rendered":"Devenir Membre"},"content":{"rendered":"<p style=\"text-align: left;\">Vous souhaitez<\/p>\n<ul>\n<li style=\"text-align: left;\">apporter un soutien financier et\/ou mat\u00e9riel,<\/li>\n<li style=\"text-align: left;\">donner du temps,<\/li>\n<li style=\"text-align: left;\">rejoindre nos conseillers,<\/li>\n<li style=\"text-align: left;\">aller \u00e0 la rencontre des personnes en difficult\u00e9s,<\/li>\n<li style=\"text-align: left;\">participer \u00e0 l&rsquo;organisation d&rsquo;\u00e9v\u00e8nements ?<\/li>\n<\/ul>\n<p>DEVENEZ MEMBRE !<\/p>\n<p>La cotisation annuelle s&rsquo;\u00e9l\u00e8ve \u00e0 R500 par an<\/p>\n<p>Pour devenir membre, <a href=\"https:\/\/sfbj.co.za\/website\/boutique\/adhesion-sfbj-2022\/\">c&rsquo;est par ici<\/a><\/p>\n","protected":false},"excerpt":{"rendered":"<p>Vous souhaitez apporter un soutien financier et\/ou mat\u00e9riel, donner du temps, rejoindre nos conseillers, aller \u00e0 la rencontre des personnes en difficult\u00e9s, participer \u00e0 l&rsquo;organisation d&rsquo;\u00e9v\u00e8nements ? DEVENEZ MEMBRE ! La cotisation annuelle s&rsquo;\u00e9l\u00e8ve \u00e0 R500 par an Pour devenir membre, c&rsquo;est par ici<\/p>\n","protected":false},"author":2,"featured_media":109,"parent":0,"menu_order":0,"comment_status":"closed","ping_status":"closed","template":"","meta":{"footnotes":""},"class_list":["post-28","page","type-page","status-publish","has-post-thumbnail","hentry"],"_links":{"self":[{"href":"https:\/\/sfbj.co.za\/website\/wp-json\/wp\/v2\/pages\/28","targetHints":{"allow":["GET"]}}],"collection":[{"href":"https:\/\/sfbj.co.za\/website\/wp-json\/wp\/v2\/pages"}],"about":[{"href":"https:\/\/sfbj.co.za\/website\/wp-json\/wp\/v2\/types\/page"}],"author":[{"embeddable":true,"href":"https:\/\/sfbj.co.za\/website\/wp-json\/wp\/v2\/users\/2"}],"replies":[{"embeddable":true,"href":"https:\/\/sfbj.co.za\/website\/wp-json\/wp\/v2\/comments?post=28"}],"version-history":[{"count":6,"href":"https:\/\/sfbj.co.za\/website\/wp-json\/wp\/v2\/pages\/28\/revisions"}],"predecessor-version":[{"id":3453,"href":"https:\/\/sfbj.co.za\/website\/wp-json\/wp\/v2\/pages\/28\/revisions\/3453"}],"wp:featuredmedia":[{"embeddable":true,"href":"https:\/\/sfbj.co.za\/website\/wp-json\/wp\/v2\/media\/109"}],"wp:attachment":[{"href":"https:\/\/sfbj.co.za\/website\/wp-json\/wp\/v2\/media?parent=28"}],"curies":[{"name":"wp","href":"https:\/\/api.w.org\/{rel}","templated":true}]}}